{"id":24,"date":"2020-09-01T00:00:00","date_gmt":"2020-09-01T00:00:00","guid":{"rendered":"https:\/\/ardam.blog\/?page_id=24"},"modified":"2026-04-09T04:21:22","modified_gmt":"2026-04-09T04:21:22","slug":"a-propos-de-la-cabane","status":"publish","type":"page","link":"https:\/\/ardam.blog\/index.php\/a-propos-de-la-cabane\/","title":{"rendered":"A propos"},"content":{"rendered":"\n<h2 class=\"wp-block-heading\"><strong>C\u2019est un oiseau ! C\u2019est un avion ! Non c\u2019est\u2026<\/strong><\/h2>\n\n\n\n<p>La Cabane : un blog o\u00f9 je vous propose de retrouver r\u00e9guli\u00e8rement des illustrations finalis\u00e9es \u00e0 imprimer, des coloriages et des id\u00e9es de tatouage, ainsi que des crayonn\u00e9s et quelques tutos.<\/p>\n\n\n\n<p>Certaines illustrations pr\u00e9sent\u00e9es font partie de <strong>projets<\/strong> plus larges, tels qu\u2019un livre de coloriage en pr\u00e9paration en 2020.<\/p>\n\n\n\n<h2 class=\"wp-block-heading\"><strong>Qui suis-je ?<\/strong><\/h2>\n\n\n\n<p>Je m\u2019appelle R\u00e9mi, alias El Remi Boi ou encore Ardam, et je suis passionn\u00e9 de dessin depuis mon enfance (les lointaines ann\u00e9es 90). En parall\u00e8le de mon activit\u00e9 professionnelle (je suis architecte), je m\u2019\u00e9clate \u00e0 illustrer les id\u00e9es qui me passent par la t\u00eate. J\u2019aime particuli\u00e8rement le t\u00e9lescopage d\u2019univers : attendez-vous \u00e0 en retrouver beaucoup.<\/p>\n\n\n\n<p>R\u00e9cemment j\u2019ai d\u00e9cid\u00e9 de me consacrer plus enti\u00e8rement \u00e0 ma passion, \u00e0 travers la r\u00e9alisation de livres illustr\u00e9s, que je vous pr\u00e9senterai sur ce blog au fil des articles. Le but est de <strong>franchir un cap<\/strong> d\u2019un point de vue graphique, et pourquoi pas d\u2019\u00eatre publi\u00e9 !<\/p>\n\n\n\n<h2 class=\"wp-block-heading\"><strong>Quel rythme ?<\/strong><\/h2>\n\n\n\n<p>Pour l\u2019instant je table sur une publication <strong>hebdomadaire<\/strong>. J\u2019ai un bon rythme et pas mal d\u2019illustrations d\u2019avance. Je bosse par mini s\u00e9ries th\u00e9matiques, avec \u00e0 chaque fois trois ou quatre variations sur un m\u00eame th\u00e8me, correspondant \u00e0 un article.<\/p>\n\n\n\n<h2 class=\"wp-block-heading\"><strong>Est-ce que je peux utiliser tes images ?<\/strong><\/h2>\n\n\n\n<p>Tout d\u00e9pend du contexte. Pour faire simple :<\/p>\n\n\n\n<ul class=\"wp-block-list\">\n<li>\u00e0 la maison : oui bien s\u00fbr ! Vous pouvez imprimer mes dessins si vous souhaitez vous <strong>amuser<\/strong> avec. Mes enfants adorent les colorier, g\u00e9n\u00e9ralement plus c\u2019est chelou mieux c\u2019est.<\/li>\n\n\n\n<li>sur internet : oui, mais ! Soyez libre de partager mon travail, \u00e0 condition de me citer comme <strong>auteur<\/strong> des images, et de renvoyer vers mon site, et vers <a href=\"https:\/\/www.instagram.com\/el_remi_boi\/\" target=\"_blank\" rel=\"noreferrer noopener\">mon profil Instagram<\/a><\/li>\n\n\n\n<li>pour gagner de l\u2019argent : ahlala \u00e7a se corse ! C\u2019est au cas par cas, la r\u00e8gle d\u2019or \u00e9tant d\u2019entrer en contact avec moi avant tout projet. Pour m\u00e9moire, le code fran\u00e7ais de la propri\u00e9t\u00e9 intellectuelle prot\u00e8ge les auteurs de l\u2019utilisation qui serait faire de leur \u0153uvre contre leur gr\u00e9. Pour r\u00e9sumer : <strong>d\u00e9connez pas les mecs<\/strong>, vous d\u00e9connez beaucoup trop. <\/li>\n\n\n\n<li>pour insulter des gens ou des communaut\u00e9s, ou pour tuer des pigeons en faisant des boulettes de papiers projet\u00e9es \u00e0 haute v\u00e9locit\u00e9 : non.<\/li>\n<\/ul>\n\n\n\n<p>Sur ce bonne lecture et bienvenue dans la Cabane !<\/p>\n\n\n\n<p><\/p>\n","protected":false},"excerpt":{"rendered":"<p>C\u2019est un oiseau ! C\u2019est un avion ! Non c\u2019est\u2026 La Cabane : un blog o\u00f9 je vous propose de retrouver r\u00e9guli\u00e8rement des illustrations finalis\u00e9es \u00e0 imprimer, des coloriages et des id\u00e9es de tatouage, ainsi que des crayonn\u00e9s et quelques tutos. Certaines illustrations pr\u00e9sent\u00e9es font partie de projets plus larges, tels qu\u2019un livre de coloriage [&hellip;]<\/p>\n","protected":false},"author":1,"featured_media":0,"parent":0,"menu_order":0,"comment_status":"closed","ping_status":"closed","template":"","meta":{"footnotes":""},"class_list":["post-24","page","type-page","status-publish","hentry"],"_links":{"self":[{"href":"https:\/\/ardam.blog\/index.php\/wp-json\/wp\/v2\/pages\/24","targetHints":{"allow":["GET"]}}],"collection":[{"href":"https:\/\/ardam.blog\/index.php\/wp-json\/wp\/v2\/pages"}],"about":[{"href":"https:\/\/ardam.blog\/index.php\/wp-json\/wp\/v2\/types\/page"}],"author":[{"embeddable":true,"href":"https:\/\/ardam.blog\/index.php\/wp-json\/wp\/v2\/users\/1"}],"replies":[{"embeddable":true,"href":"https:\/\/ardam.blog\/index.php\/wp-json\/wp\/v2\/comments?post=24"}],"version-history":[{"count":3,"href":"https:\/\/ardam.blog\/index.php\/wp-json\/wp\/v2\/pages\/24\/revisions"}],"predecessor-version":[{"id":61,"href":"https:\/\/ardam.blog\/index.php\/wp-json\/wp\/v2\/pages\/24\/revisions\/61"}],"wp:attachment":[{"href":"https:\/\/ardam.blog\/index.php\/wp-json\/wp\/v2\/media?parent=24"}],"curies":[{"name":"wp","href":"https:\/\/api.w.org\/{rel}","templated":true}]}}